{"id":902,"date":"2014-11-27T17:13:25","date_gmt":"2014-11-27T17:13:25","guid":{"rendered":"http:\/\/wilookglasvezel.nl\/?page_id=902"},"modified":"2014-11-30T11:29:25","modified_gmt":"2014-11-30T11:29:25","slug":"het-werkgebied","status":"publish","type":"page","link":"https:\/\/wilookglasvezel.nl\/snel\/het-werkgebied\/","title":{"rendered":"Het Werkgebied"},"content":{"rendered":"<figure id=\"attachment_906\" class=\"thumbnail wp-caption alignright\" style=\"width: 225px\"><a href=\"https:\/\/wilookglasvezel.nl\/snel\/wp-content\/uploads\/2014\/11\/300px-De_veenarbeiders_Eexterveenschekanaal.jpg\"><img loading=\"lazy\" decoding=\"async\" class=\"wp-image-906 size-medium\" src=\"https:\/\/wilookglasvezel.nl\/snel\/wp-content\/uploads\/2014\/11\/300px-De_veenarbeiders_Eexterveenschekanaal-225x300.jpg\" alt=\"300px-De_veenarbeiders_Eexterveenschekanaal\" width=\"225\" height=\"300\" srcset=\"https:\/\/wilookglasvezel.nl\/snel\/wp-content\/uploads\/2014\/11\/300px-De_veenarbeiders_Eexterveenschekanaal-225x300.jpg 225w, https:\/\/wilookglasvezel.nl\/snel\/wp-content\/uploads\/2014\/11\/300px-De_veenarbeiders_Eexterveenschekanaal.jpg 300w\" sizes=\"auto, (max-width: 225px) 100vw, 225px\" \/><\/a><figcaption class=\"caption wp-caption-text\">De veenarbeiders (Eexterveenschekanaal)<\/figcaption><\/figure>\n<p>Wij beseffen dat als we niks doen onze basisvoorzieningen &#8211; zoals zorg en onderwijs &#8211; uit ons gebied verdwijnen en daarmee ook een prettig leef- en werkklimaat. Een blijvende, eerlijke breedbandverbinding is van essentieel belang voor de kwaliteit van leven van onze omgeving.<\/p>\n<p>Daarom nemen wij het heft in eigen handen en introduceren we in ons <em>werkgebied Oostermoer (gemeentes Aa en Hunze, Tynaarlo en Borger-Odoorn)<\/em> een open access breedbandnet zonder winstoogmerk. Dit is een toegang tot een toekomstbestendige breedbandverbinding met maximale snelheid voor een vaste prijs van circa \u20ac 30,-.<\/p>\n<p>Hiervoor is uit de Co-operatie Oostermoer[1] de glasvezeltak Oostermoerverbindt[2] ontstaan, die de aanleg en het onderhoud van het net in samenwerking met OpenNet[3] gaat verzorgen.<\/p>\n<p><strong>Is er ook in uw woonplaats binnen het werkgebied ook enthousiasme?<\/strong><br \/>\nU kunt bij ons meer informatie krijgen hoe wij u kunnen helpen. Informeer hiernaar door een bericht te sturen via ons <a title=\"Contact\" href=\"http:\/\/wilookglasvezel.nl\/contact\/\">contactformulier<\/a>.\u00a0Wij nemen contact met u op! Ondertussen kunt u gerust uzelf inschrijven via deze site en uw buren, collega&#8217;s en vrienden uitnodigen hetzelfde te doen! Hoe meer mensen enthousiast zijn, hoe sneller we aan de slag kunnen!<\/p>\n<h3>Ons werkgebied<\/h3>\n<p><!--more--><\/p>\n<p><strong>Oostermoer<\/strong>[4] is het zesde van de zes dingspelen van de Landschap Drenthe. Het is gelegen aan de noordoostzijde van de provincie. De naam is een verwijzing naar het moeras of moer.\u00a0Enkele belangrijkste plaatsen waren Anloo (de hoofdplaats), Borger, Gieten, Gasselte en Zuidlaren.<br \/>\nDelen van de huidige gemeenten <a title=\"Ambassadeurs in Tynaarloo\" href=\"http:\/\/tynaarloo.wilookglasvezel.nl\">Tynaarlo<\/a>, <a href=\"http:\/\/aaenhunze.wilookglasvezel.nl\/\" target=\"_blank\">Aa en Hunze<\/a>, <a href=\"http:\/\/borgerodoorn.wilookglasvezel.nl\/\" target=\"_blank\">Borger-Odoorn<\/a> worden nog steeds aangeduid met deze naam.<\/p>\n<p>De meeste <strong>veenkoloni\u00ebn<\/strong>[5] worden gekenmerkt door hun langgerekte ligging langs een kanaal met lintbebouwing, bijvoorbeeld Valthermond. In veel gevallen is dat kanaal intussen gedempt zoals bij Gasselternijveen en Gasselternijveenschemond, Nieuw-Buinen, Eerste Exlo\u00ebrmond, Tweede Exlo\u00ebrmond en Valthermond. Er zijn echter ook veenkoloni\u00ebn die niet zijn ontstaan langs een kanaal, maar langs een weg. Dat geldt met name voor een aantal veenkoloni\u00ebn in Drenthe zoals Zuidlaarderveen, Eexterveen, Gieterveen, Drouwenerveen, Buinerveen en Exlo\u00ebrveen.<\/p>\n<p>De <strong>Hunzevallei<\/strong>[6] ligt tussen de Hondsrug in het westen en de rivierduinen ten oosten van het riviertje de Hunze. Sinds de ijstijden voert deze rivier het water van het Drents plateau af naar de zee . In de Hunzevallei valt veel te ontdekken. Zowel natuurliefhebbers als mensen die meer sportief aangelegd zijn, zullen in de Hunzevallei de tijd van hun leven hebben.<br \/>\nDe Hunzevallei ligt tussen de Hondsrug in het westen en de rivierduinen ten oosten van het riviertje de Hunze. Sinds de ijstijden voert deze rivier het water van het Drents plateau af naar de zee. Ook ondergronds. Op veel plaatsen komt bijzonder zuiver kwelwater spontaan omhoog. In de Hunzevallei ontstonden veenmoerassen.<\/p>\n<ul>\n<li>[1]\u00a0<a href=\"http:\/\/www.eco-oostermoer.nl\/\" target=\"_blank\">http:\/\/www.eco-oostermoer.nl\/<\/a><\/li>\n<li>[2]\u00a0<a href=\"http:\/\/oostermoerverbindt.nl\/\" target=\"_blank\">http:\/\/oostermoerverbindt.nl\/<\/a><\/li>\n<li>[3]\u00a0http:\/\/www.opennetnederland.nl\/<\/li>\n<li>[4]\u00a0<a href=\"http:\/\/nl.wikipedia.org\/wiki\/Oostermoer\" target=\"_blank\">http:\/\/nl.wikipedia.org\/wiki\/Oostermoer<\/a><\/li>\n<li>[5]\u00a0<a href=\"http:\/\/nl.wikipedia.org\/wiki\/Veenkolonie\" target=\"_blank\">http:\/\/nl.wikipedia.org\/wiki\/Veenkolonie<\/a><\/li>\n<li>[6]\u00a0<a href=\"http:\/\/www.geoparkdehondsrug.nl\/nl\/p\/gebieden\/de-hunzevallei\/\" target=\"_blank\">http:\/\/www.geoparkdehondsrug.nl\/nl\/p\/gebieden\/de-hunzevallei\/<\/a><\/li>\n<\/ul>\n","protected":false},"excerpt":{"rendered":"<p>Wij beseffen dat als we niks doen onze basisvoorzieningen &#8211; zoals zorg en onderwijs &#8211; uit ons gebied verdwijnen en daarmee ook een prettig leef- en werkklimaat. Een blijvende, eerlijke breedbandverbinding is van essentieel belang voor de kwaliteit van leven &hellip; <a href=\"https:\/\/wilookglasvezel.nl\/snel\/het-werkgebied\/\">Vervolgd<\/a><\/p>\n","protected":false},"author":7,"featured_media":0,"parent":0,"menu_order":0,"comment_status":"closed","ping_status":"closed","template":"","meta":{"footnotes":""},"class_list":["post-902","page","type-page","status-publish","hentry"],"_links":{"self":[{"href":"https:\/\/wilookglasvezel.nl\/snel\/wp-json\/wp\/v2\/pages\/902","targetHints":{"allow":["GET"]}}],"collection":[{"href":"https:\/\/wilookglasvezel.nl\/snel\/wp-json\/wp\/v2\/pages"}],"about":[{"href":"https:\/\/wilookglasvezel.nl\/snel\/wp-json\/wp\/v2\/types\/page"}],"author":[{"embeddable":true,"href":"https:\/\/wilookglasvezel.nl\/snel\/wp-json\/wp\/v2\/users\/7"}],"replies":[{"embeddable":true,"href":"https:\/\/wilookglasvezel.nl\/snel\/wp-json\/wp\/v2\/comments?post=902"}],"version-history":[{"count":6,"href":"https:\/\/wilookglasvezel.nl\/snel\/wp-json\/wp\/v2\/pages\/902\/revisions"}],"predecessor-version":[{"id":918,"href":"https:\/\/wilookglasvezel.nl\/snel\/wp-json\/wp\/v2\/pages\/902\/revisions\/918"}],"wp:attachment":[{"href":"https:\/\/wilookglasvezel.nl\/snel\/wp-json\/wp\/v2\/media?parent=902"}],"curies":[{"name":"wp","href":"https:\/\/api.w.org\/{rel}","templated":true}]}}